{"id":944,"date":"2025-03-20T11:08:40","date_gmt":"2025-03-20T11:08:40","guid":{"rendered":"https:\/\/www.kosmetikatrebic.cz\/?page_id=944"},"modified":"2025-03-20T19:43:55","modified_gmt":"2025-03-20T19:43:55","slug":"mikrojehlickovani","status":"publish","type":"page","link":"https:\/\/www.kosmetikatrebic.cz\/?page_id=944","title":{"rendered":"MIKROJEHLI\u010cKOV\u00c1N\u00cd"},"content":{"rendered":"\n<p>MIKROJEHLI\u010cKOV\u00c1N\u00cd\/MEZOTERAPIE &#8211; \u010c\u00cdSLO JEDNA V HYDRATACI PLETI.<strong>\u00a0<\/strong>Nedostatek vody v k\u016f\u017ei je jedn\u00edm z faktor\u016f p\u0159ed\u010dasn\u00e9ho st\u00e1rnut\u00ed pleti. Hydratace m\u00e1 kl\u00ed\u010dovou \u00falohu\u00a0v odolnosti a zevn\u00edm vzhledu k\u016f\u017ee.\u00a0 Kosmetick\u00e1 mezoterapie\u00a0<strong>zlep\u0161uje vzhled<\/strong>, strukturu a pru\u017enost poko\u017eky,\u00a0<strong>zpomaluje proces st\u00e1rnut\u00ed\u00a0<\/strong>a navozuje revitaliza\u010dn\u00ed procesy v k\u016f\u017ei. D\u00edky tomu se poko\u017eka vyp\u00edn\u00e1 a zpev\u0148uj\u00ed se kontury obli\u010deje. Mezoterapie zlep\u0161uje pevnost a pru\u017enost k\u016f\u017ee. M\u016f\u017ee b\u00fdt pou\u017e\u00edv\u00e1na na obli\u010deji, krku, dekoltu a jin\u00fdch \u010d\u00e1stech t\u011bla.\u00a0<strong>Zlep\u0161uje stav pleti<\/strong>\u00a0(jizev,\u00a0<strong>akn\u00e9<\/strong>&#8230;.),\u00a0<strong>zm\u00edr\u0148uje pigmentov\u00e9 skvrny, barevn\u00e9 sjednocen\u00ed pleti, omlazen\u00ed pleti.\u00a0<\/strong><\/p>\n\n\n\n<p>Podporuje&nbsp;<strong>hydrataci, tvorbu kolagenu<\/strong>, elastinu a obnovu bun\u011bk. Vypne k\u016f\u017ei a vyrovn\u00e1 povrchov\u00e9 vr\u00e1sky.&nbsp;<\/p>\n\n\n\n<p>Kosmetick\u00e1 mezoterapie je minim\u00e1ln\u011b invazivn\u00ed postup. Je&nbsp;vhodn\u00e9 ji zopakovat 3x v odstupu 4-6 t\u00fddn\u016f.<\/p>\n\n\n\n<p>V cen\u011b o\u0161et\u0159en\u00ed je zahrnuto: <\/p>\n\n\n\n<ul class=\"wp-block-list\">\n<li>o\u010di\u0161t\u011bn\u00ed pleti&nbsp;<\/li>\n\n\n\n<li>dezinfekce<\/li>\n\n\n\n<li>podkladov\u00e1 b\u00e1ze s kolagenem a elastinem, obsahuje kolagen, elastin a ceramidy<\/li>\n\n\n\n<li>SUPERLIFT ampule. Obsahuje botox Argireline.<\/li>\n\n\n\n<li>ARGAN hloubkov\u011b hydrata\u010dn\u00ed kr\u00e9mov\u00e1 maska. Vysok\u00fd obsah vitam\u00edn\u016f A, E, F a bambuck\u00e9ho m\u00e1sla zaji\u0161\u0165uje pro ple\u0165&nbsp;<strong>hloubkovou regeneraci,<\/strong>&nbsp;hydrataci a vy\u017eivuje ji. Ple\u0165 je pru\u017en\u011bj\u0161\u00ed, v\u00fdrazn\u011b se redukuje hloubka vr\u00e1sek. Doch\u00e1z\u00ed k obnov\u011b podko\u017en\u00edch bun\u011bk a ple\u0165 je proz\u00e1\u0159ena a hladk\u00e1. Udr\u017euje mladistvou a zdravou ple\u0165. Bez paraben\u016f, obsahuje jen antialergenn\u00ed v\u016fn\u011b.<\/li>\n\n\n\n<li>Ochrann\u00fd kr\u00e9m<\/li>\n<\/ul>\n\n\n\n<p>Produkty jsou<strong> bez obsahu ropn\u00fdch deriv\u00e1t\u016f<\/strong>, chemick\u00fdch konzervant\u016f, paraben\u016f a dal\u0161\u00edch nebezpe\u010dn\u00fdch l\u00e1tek.<\/p>\n\n\n\n<p><strong>Kontraindikace<\/strong>:<\/p>\n\n\n\n<p>Absolutn\u00ed kontraindikace &#8211; onemocn\u011bn\u00ed srdce, kardiostimul\u00e1tor, onkologick\u00e1 onemocn\u011bn\u00ed, \u0161patn\u00e1 sr\u00e1\u017elivost krve, cukrovka, autoimunitn\u00ed onemocn\u011bn\u00ed, t\u011bhotenstv\u00ed, v\u00fdrazn\u00e1 kuper\u00f3za.&nbsp;<\/p>\n\n\n\n<p>Relativn\u00ed kontraindikace &#8211; alergick\u00e1 reakce k\u016f\u017ee na kov, akn\u00e9 v aktivn\u00ed f\u00e1zi, p\u0159ed slun\u011bn\u00edm.&nbsp;<\/p>\n\n\n\n<p><strong>P\u00e9\u010de po o\u0161et\u0159en\u00ed:<\/strong>&nbsp;Po o\u0161et\u0159en\u00ed vypad\u00e1 poko\u017eka jako po slun\u011bn\u00ed (sp\u00e1len\u00ed na slun\u00ed\u010dku). Make-up se doporu\u010duje pou\u017e\u00edvat po 72 hodin\u00e1ch. Po dobu 14 dn\u00ed po z\u00e1kroku nen\u00ed mo\u017eno se slunit. (o\u0161et\u0159en\u00ed je vhodn\u00e9 absolvovat na podzim a na ja\u0159e), b\u011bhem 24 hodin po o\u0161et\u0159en\u00ed se nedoporu\u010duje n\u00e1v\u0161t\u011bva sauny a baz\u00e9nu.&nbsp;<\/p>\n\n\n\n<p>1 550,- K\u010d\/1x o\u0161et\u0159en\u00ed<\/p>\n\n\n\n<figure class=\"wp-block-gallery has-nested-images columns-default is-cropped wp-block-gallery-1 is-layout-flex wp-block-gallery-is-layout-flex\">\n<figure class=\"wp-block-image size-large\"><img loading=\"lazy\" decoding=\"async\" width=\"480\" height=\"320\" data-id=\"945\" src=\"https:\/\/www.kosmetikatrebic.cz\/wp-content\/uploads\/2025\/03\/dermapen_61c78411-aa57-45af-8835-57e954133555_480x480.png\" alt=\"\" class=\"wp-image-945\" srcset=\"https:\/\/www.kosmetikatrebic.cz\/wp-content\/uploads\/2025\/03\/dermapen_61c78411-aa57-45af-8835-57e954133555_480x480.png 480w, https:\/\/www.kosmetikatrebic.cz\/wp-content\/uploads\/2025\/03\/dermapen_61c78411-aa57-45af-8835-57e954133555_480x480-300x200.png 300w\" sizes=\"auto, (max-width: 480px) 100vw, 480px\" \/><\/figure>\n<\/figure>\n","protected":false},"excerpt":{"rendered":"<p>MIKROJEHLI\u010cKOV\u00c1N\u00cd\/MEZOTERAPIE &#8211; \u010c\u00cdSLO JEDNA V HYDRATACI PLETI.\u00a0Nedostatek vody v k\u016f\u017ei je jedn\u00edm z faktor\u016f p\u0159ed\u010dasn\u00e9ho st\u00e1rnut\u00ed pleti. Hydratace m\u00e1 kl\u00ed\u010dovou \u00falohu\u00a0v odolnosti a zevn\u00edm vzhledu k\u016f\u017ee.\u00a0 Kosmetick\u00e1 mezoterapie\u00a0zlep\u0161uje vzhled, strukturu a pru\u017enost poko\u017eky,\u00a0zpomaluje proces st\u00e1rnut\u00ed\u00a0a navozuje revitaliza\u010dn\u00ed procesy v k\u016f\u017ei. D\u00edky tomu se poko\u017eka vyp\u00edn\u00e1 a zpev\u0148uj\u00ed se kontury obli\u010deje. Mezoterapie zlep\u0161uje pevnost a pru\u017enost [&hellip;]<\/p>\n","protected":false},"author":2,"featured_media":0,"parent":0,"menu_order":0,"comment_status":"closed","ping_status":"closed","template":"","meta":{"om_disable_all_campaigns":false,"_monsterinsights_skip_tracking":false,"_monsterinsights_sitenote_active":false,"_monsterinsights_sitenote_note":"","_monsterinsights_sitenote_category":0,"_uf_show_specific_survey":0,"_uf_disable_surveys":false,"footnotes":""},"class_list":["post-944","page","type-page","status-publish","hentry"],"aioseo_notices":[],"jetpack_sharing_enabled":true,"_links":{"self":[{"href":"https:\/\/www.kosmetikatrebic.cz\/index.php?rest_route=\/wp\/v2\/pages\/944","targetHints":{"allow":["GET"]}}],"collection":[{"href":"https:\/\/www.kosmetikatrebic.cz\/index.php?rest_route=\/wp\/v2\/pages"}],"about":[{"href":"https:\/\/www.kosmetikatrebic.cz\/index.php?rest_route=\/wp\/v2\/types\/page"}],"author":[{"embeddable":true,"href":"https:\/\/www.kosmetikatrebic.cz\/index.php?rest_route=\/wp\/v2\/users\/2"}],"replies":[{"embeddable":true,"href":"https:\/\/www.kosmetikatrebic.cz\/index.php?rest_route=%2Fwp%2Fv2%2Fcomments&post=944"}],"version-history":[{"count":2,"href":"https:\/\/www.kosmetikatrebic.cz\/index.php?rest_route=\/wp\/v2\/pages\/944\/revisions"}],"predecessor-version":[{"id":948,"href":"https:\/\/www.kosmetikatrebic.cz\/index.php?rest_route=\/wp\/v2\/pages\/944\/revisions\/948"}],"wp:attachment":[{"href":"https:\/\/www.kosmetikatrebic.cz\/index.php?rest_route=%2Fwp%2Fv2%2Fmedia&parent=944"}],"curies":[{"name":"wp","href":"https:\/\/api.w.org\/{rel}","templated":true}]}}